{"id":6,"date":"2021-03-16T12:08:59","date_gmt":"2021-03-16T12:08:59","guid":{"rendered":"https:\/\/www.prebuds.com\/?page_id=6"},"modified":"2024-02-20T13:02:06","modified_gmt":"2024-02-20T13:02:06","slug":"ueber-uns","status":"publish","type":"page","link":"https:\/\/www.prebuds.com\/?page_id=6","title":{"rendered":"\u00dcber mich"},"content":{"rendered":"\r\n<p><img loading=\"lazy\" decoding=\"async\" class=\"alignnone size-medium wp-image-62\" src=\"https:\/\/www.prebuds.com\/wp-content\/uploads\/2024\/02\/240119_Eric_SW_nah-300x287.jpg\" alt=\"\" width=\"300\" height=\"287\" srcset=\"https:\/\/www.prebuds.com\/wp-content\/uploads\/2024\/02\/240119_Eric_SW_nah-300x287.jpg 300w, https:\/\/www.prebuds.com\/wp-content\/uploads\/2024\/02\/240119_Eric_SW_nah-1024x981.jpg 1024w, https:\/\/www.prebuds.com\/wp-content\/uploads\/2024\/02\/240119_Eric_SW_nah-768x735.jpg 768w, https:\/\/www.prebuds.com\/wp-content\/uploads\/2024\/02\/240119_Eric_SW_nah-1536x1471.jpg 1536w, https:\/\/www.prebuds.com\/wp-content\/uploads\/2024\/02\/240119_Eric_SW_nah-2048x1961.jpg 2048w, https:\/\/www.prebuds.com\/wp-content\/uploads\/2024\/02\/240119_Eric_SW_nah-1568x1501.jpg 1568w\" sizes=\"(max-width: 300px) 100vw, 300px\" \/>\u00a0 \u00a0 \u00a0Ich bin Eric Schlufter.<br \/>Das Handwerk der Kommunikation habe ich von der Pike auf gelernt. An der <a href=\"https:\/\/www.fu-berlin.de\/studium\/studienangebot\/grundstaendige\/publizistik_kommwiss_kombi\/index.html\" target=\"_blank\" rel=\"noopener\">Freien Universit\u00e4t Berlin<\/a> studierte ich Publizistik und arbeitete ab 1989 als freier Reporter f\u00fcr den <a href=\"https:\/\/www.tagesspiegel.de\/\" target=\"_blank\" rel=\"noopener\">Tagesspiegel<\/a>, die <a href=\"https:\/\/de.wikipedia.org\/wiki\/Wochenpost\" target=\"_blank\" rel=\"noopener\">Wochenpost<\/a>, <a href=\"https:\/\/www.morgenpost.de\/\" target=\"_blank\" rel=\"noopener\">Berliner Morgenpost<\/a>, <a href=\"https:\/\/de.wikipedia.org\/wiki\/Das_Magazin_(Deutschland)\" target=\"_blank\" rel=\"noopener\">Das Magazin<\/a> und die <a href=\"https:\/\/taz.de\/\">taz<\/a> sowie im <a href=\"https:\/\/de.wikipedia.org\/wiki\/Hundert,6\">1. Privatradio: Hundert,6<\/a>. Von 1991 bis 1995 war ich Reporter und Ressortleiter bei <a href=\"https:\/\/de.wikipedia.org\/wiki\/Gruner_%2B_Jahr\">Gruner + Jahr in Berlin<\/a> und habe mein Studium abgeschlossen. Bereits1994 f\u00fchrte ich das Internet als Arbeitsmittel in die Redaktion ein und habe die 1. deutsche Zeitschrift im Internet gelauncht: <a href=\"https:\/\/de.wikipedia.org\/wiki\/Tango_(Zeitschrift)\" target=\"_blank\" rel=\"noopener\">Tango<\/a>. Nach ihrer Einstellung wechselte ich in den Dienstleistungssektor und leitete bei <a href=\"https:\/\/de.wikipedia.org\/wiki\/MetaDesign\">MetaDesign<\/a> das Team, das den <a href=\"https:\/\/web.archive.org\/web\/19970120190456\/http:\/\/www.audi.de\/d_index.html\" target=\"_blank\" rel=\"noopener\">Internetauftritt von Audi<\/a> (dieser Link f\u00fchrt zu archive.org auf die Originalwebsite von 1997) realisierte und verantwortete.<\/p>\r\n<p>1997 folgte ich dem <a href=\"https:\/\/web.archive.org\/web\/19970418030402\/http:\/\/www.bayer.de\/bayer\/0xxxmisc\/0300.htm\" target=\"_blank\" rel=\"noopener\">Angebot der Bayer AG<\/a>, das Intranet des Konzerns aufzubauen und die Mitarbeiterkommunikation mit journalistischem Knowhow zu professionalisieren und zu digitalisieren. Dort habe ich mit meinem Team die <a href=\"https:\/\/youtu.be\/78ez0Fo8ra8?t=532\" target=\"_blank\" rel=\"noopener\">neue Form der Kommunikation in Roadshows<\/a>, Pr\u00e4sentationen und auch in Einzelschulungen f\u00fcr die Vorstandsmitglieder vermittelt und war u.a. Redenschreiber f\u00fcr den Marketingvorstand Werner Spinner.<\/p>\r\n<p>2003 bekam ich das Angebot der <a href=\"https:\/\/www.bmwgroup.com\/de.html\">BMW Group<\/a>, die digitalen Medien f\u00fcr die Unternehmenskommunikation zu verbessern. Ich konzipierte ein neues Intranet und verantwortete anschlie\u00dfend den Rollout und die weltweite <a href=\"https:\/\/www.youtube.com\/watch?v=Jm7K2TH0i7A&amp;ab_channel=ericschlufter\" target=\"_blank\" rel=\"noopener\">Change Kommunikation f\u00fcr ein neu eingef\u00fchrtes Mail- und Kalendersystem<\/a>. Sp\u00e4ter war ich im Produktionsressort f\u00fcr die <a href=\"https:\/\/www.youtube.com\/watch?v=PR2eiLJankc&amp;ab_channel=ericschlufter\" target=\"_blank\" rel=\"noopener\">F\u00fchrungskr\u00e4ftekommunikation<\/a> zust\u00e4ndig und arbeitete als Redenschreiber f\u00fcr den <a href=\"https:\/\/www.linkedin.com\/in\/frank-peter-arndt-482a23111\/\" target=\"_blank\" rel=\"noopener\">Produktionsvorstand Frank-Peter Arndt<\/a>.<\/p>\r\n<p>2009 bot sich mir die einmalige Herausforderung an, die Kommunikation in einem M\u00fcnchner Startup aufzubauen. F\u00fcr die sehr schnell wachsende <a href=\"https:\/\/www.mcon-group.com\/\" target=\"_blank\" rel=\"noopener\">MCon Group<\/a> habe ich den Internetauftritt und das Intranet konzipiert und betreut. Ich habe nach der Aufbauarbeit die MCon Group verlassen und arbeite seit 2012 als Medien-, Intranet- und Kommunikations-Berater u.a. f\u00fcr <a href=\"https:\/\/www.btexx.de\/\" target=\"_blank\" rel=\"noopener\">BTEXX<\/a>, <a href=\"https:\/\/timetoact-group.com\/\" target=\"_blank\" rel=\"noopener\">TIMETOACT<\/a>, f\u00fcr die <a href=\"https:\/\/www.nexum.de\/\" target=\"_blank\" rel=\"noopener\">Nexum AG<\/a>, <a href=\"https:\/\/unternehmen.lidl.de\/about-lidl\" target=\"_blank\" rel=\"noopener\">Lidl<\/a>, <a href=\"https:\/\/netmedia.de\/\" target=\"_blank\" rel=\"noopener\">netmedia<\/a>, <a href=\"https:\/\/hirschtec.eu\/\" target=\"_blank\" rel=\"noopener\">HIRSCHTEC<\/a>, <a href=\"https:\/\/makonis.de\/\" target=\"_blank\" rel=\"noopener\">Makonis, <\/a>und\u00a0<a href=\"https:\/\/www.icb-gmbh.de\/\" target=\"_blank\" rel=\"noopener\">ICB<\/a>.\u00a0<\/p>\r\n<p>&nbsp;<\/p>\r\n","protected":false},"excerpt":{"rendered":"<p>\u00a0 \u00a0 \u00a0Ich bin Eric Schlufter.Das Handwerk der Kommunikation habe ich von der Pike auf gelernt. An der Freien Universit\u00e4t Berlin studierte ich Publizistik und arbeitete ab 1989 als freier Reporter f\u00fcr den Tagesspiegel, die Wochenpost, Berliner Morgenpost, Das Magazin und die taz sowie im 1. Privatradio: Hundert,6. Von 1991 bis 1995 war ich Reporter&hellip; <a class=\"more-link\" href=\"https:\/\/www.prebuds.com\/?page_id=6\"><span class=\"screen-reader-text\">\u00dcber mich<\/span> weiterlesen<\/a><\/p>\n","protected":false},"author":1,"featured_media":0,"parent":0,"menu_order":0,"comment_status":"closed","ping_status":"closed","template":"","meta":{"footnotes":""},"_links":{"self":[{"href":"https:\/\/www.prebuds.com\/index.php?rest_route=\/wp\/v2\/pages\/6"}],"collection":[{"href":"https:\/\/www.prebuds.com\/index.php?rest_route=\/wp\/v2\/pages"}],"about":[{"href":"https:\/\/www.prebuds.com\/index.php?rest_route=\/wp\/v2\/types\/page"}],"author":[{"embeddable":true,"href":"https:\/\/www.prebuds.com\/index.php?rest_route=\/wp\/v2\/users\/1"}],"replies":[{"embeddable":true,"href":"https:\/\/www.prebuds.com\/index.php?rest_route=%2Fwp%2Fv2%2Fcomments&post=6"}],"version-history":[{"count":15,"href":"https:\/\/www.prebuds.com\/index.php?rest_route=\/wp\/v2\/pages\/6\/revisions"}],"predecessor-version":[{"id":63,"href":"https:\/\/www.prebuds.com\/index.php?rest_route=\/wp\/v2\/pages\/6\/revisions\/63"}],"wp:attachment":[{"href":"https:\/\/www.prebuds.com\/index.php?rest_route=%2Fwp%2Fv2%2Fmedia&parent=6"}],"curies":[{"name":"wp","href":"https:\/\/api.w.org\/{rel}","templated":true}]}}